{"id":10476,"date":"2020-05-15T10:59:54","date_gmt":"2020-05-15T13:59:54","guid":{"rendered":"http:\/\/oldplayers.com.br\/wp\/?page_id=10476"},"modified":"2024-10-09T16:57:27","modified_gmt":"2024-10-09T19:57:27","slug":"doe","status":"publish","type":"page","link":"https:\/\/oldplayers.com.br\/wp\/doe\/","title":{"rendered":"CONTRIBUA COM O OLDPLAYERS!"},"content":{"rendered":"<div class=\"fcbkbttn_buttons_block\" id=\"fcbkbttn_left\"><div class=\"fcbkbttn_like \"><fb:like href=\"https:\/\/oldplayers.com.br\/wp\/doe\/\" action=\"like\" colorscheme=\"light\" layout=\"standard\"  width=\"225px\" size=\"small\"><\/fb:like><\/div><\/div>\n\n\n<p>Existem v\u00e1rias op\u00e7\u00f5es para ajudar o site oldplayers! A ideia \u00e9 que, consigamos, pelo menos, pagar os custos que o site e o canal acabam gerando. Veja as op\u00e7\u00f5es:<\/p>\n\n\n\n<p><strong>DOA\u00c7\u00c3O RECORRENTE:<\/strong> o leitor determina um valor que ser\u00e1 debitado mensalmente (exemplo R$ 10,00 por m\u00eas). Seguem alguns valores dispon\u00edveis para a DOA\u00c7\u00c3O RECORRENTE (mensal).<\/p>\n\n\n\n<figure class=\"wp-block-table is-style-stripes\"><table><tbody><tr><td>Valor Mensal<\/td><td>Link para a assinatura<\/td><\/tr><tr><td>R$ 5,00<\/td><td><a rel=\"noreferrer noopener\" href=\"http:\/\/pag.ae\/7W1geNf1a\" target=\"_blank\"><img data-recalc-dims=\"1\" decoding=\"async\" src=\"https:\/\/i0.wp.com\/stc.pagseguro.uol.com.br\/public\/img\/botoes\/assinaturas\/209x48-assinar-preto-assina.gif?w=640&#038;ssl=1\" alt=\"pr\u00e9via do bot\u00e3o a ser gerado\"><\/a> <\/td><\/tr><tr><td>R$ 10,00<\/td><td><a rel=\"noreferrer noopener\" href=\"http:\/\/pag.ae\/7W1gfFaHH\" target=\"_blank\"><img data-recalc-dims=\"1\" decoding=\"async\" src=\"https:\/\/i0.wp.com\/stc.pagseguro.uol.com.br\/public\/img\/botoes\/assinaturas\/209x48-assinar-preto-assina.gif?w=640&#038;ssl=1\" alt=\"pr\u00e9via do bot\u00e3o a ser gerado\"><\/a> <\/td><\/tr><tr><td>R$ 20,00<\/td><td><a rel=\"noreferrer noopener\" href=\"http:\/\/pag.ae\/7W1gfR19p\" target=\"_blank\"><img data-recalc-dims=\"1\" decoding=\"async\" src=\"https:\/\/i0.wp.com\/stc.pagseguro.uol.com.br\/public\/img\/botoes\/assinaturas\/209x48-assinar-preto-assina.gif?w=640&#038;ssl=1\" alt=\"pr\u00e9via do bot\u00e3o a ser gerado\"><\/a> <\/td><\/tr><tr><td>R$ 30,00<\/td><td><a href=\"http:\/\/pag.ae\/7XWqf4S9v\" target=\"_blank\" rel=\"noreferrer noopener\"><img data-recalc-dims=\"1\" decoding=\"async\" src=\"https:\/\/i0.wp.com\/stc.pagseguro.uol.com.br\/public\/img\/botoes\/assinaturas\/209x48-assinar-preto-assina.gif?w=640&#038;ssl=1\" alt=\"pr\u00e9via do bot\u00e3o a ser gerado\"><\/a><\/td><\/tr><tr><td>R$ 40,00<\/td><td><a href=\"http:\/\/pag.ae\/7XWqje4g7\" target=\"_blank\" rel=\"noreferrer noopener\"><img data-recalc-dims=\"1\" decoding=\"async\" src=\"https:\/\/i0.wp.com\/stc.pagseguro.uol.com.br\/public\/img\/botoes\/assinaturas\/209x48-assinar-preto-assina.gif?w=640&#038;ssl=1\" alt=\"pr\u00e9via do bot\u00e3o a ser gerado\"><\/a> <\/td><\/tr><tr><td>R$ 50,00<\/td><td><a href=\"http:\/\/pag.ae\/7XWqjZhsJ\" target=\"_blank\" rel=\"noreferrer noopener\"><img data-recalc-dims=\"1\" decoding=\"async\" src=\"https:\/\/i0.wp.com\/stc.pagseguro.uol.com.br\/public\/img\/botoes\/assinaturas\/209x48-assinar-preto-assina.gif?w=640&#038;ssl=1\" alt=\"pr\u00e9via do bot\u00e3o a ser gerado\"><\/a> <\/td><\/tr><\/tbody><\/table><\/figure>\n\n\n\n<p><\/p>\n\n\n\n<p class=\"has-text-align-center\"><strong>ASSINE USANDO PAYPAL<\/strong><\/p>\n\n\n\n<form action=\"https:\/\/www.paypal.com\/cgi-bin\/webscr\" method=\"post\" target=\"_top\">\n<input type=\"hidden\" name=\"cmd\" value=\"_s-xclick\">\n<input type=\"hidden\" name=\"hosted_button_id\" value=\"QESTR7W5PQ99A\">\n<table>\n<tr><td><input type=\"hidden\" name=\"on0\" value=\"Opcoes de Assinatura\">Opcoes de Assinatura<\/td><\/tr><tr><td><select name=\"os0\">\n\t<option value=\"R$ 5,00\">R$ 5,00 : R$5,00 BRL &#8211; mensalmente<\/option>\n\t<option value=\"R$ 10,00\">R$ 10,00 : R$10,00 BRL &#8211; mensalmente<\/option>\n\t<option value=\"R$ 20,00\">R$ 20,00 : R$20,00 BRL &#8211; mensalmente<\/option>\n\t<option value=\"R$ 30,00\">R$ 30,00 : R$30,00 BRL &#8211; mensalmente<\/option>\n\t<option value=\"R$ 40,00\">R$ 40,00 : R$40,00 BRL &#8211; mensalmente<\/option>\n\t<option value=\"R$ 50,00\">R$ 50,00 : R$50,00 BRL &#8211; mensalmente<\/option>\n<\/select> <\/td><\/tr>\n<\/table>\n<input type=\"hidden\" name=\"currency_code\" value=\"BRL\">\n<input type=\"image\" src=\"https:\/\/www.paypalobjects.com\/pt_BR\/BR\/i\/btn\/btn_subscribeCC_LG.gif\" border=\"0\" name=\"submit\" alt=\"PayPal - A maneira f\u00e1cil e segura de enviar pagamentos online!\">\n<img loading=\"lazy\" decoding=\"async\" alt=\"\" border=\"0\" src=\"https:\/\/www.paypalobjects.com\/pt_BR\/i\/scr\/pixel.gif\" width=\"1\" height=\"1\">\n<\/form>\n\n\n\n<p><\/p>\n\n\n\n<p>Fique a vontade para definir o tipo de doa\u00e7\u00e3o! As op\u00e7\u00f5es atuais s\u00e3o PAGSEGURO ou PAYPAL, mas caso prefira fazer de outra maneira, entre em contato conosco e solicite a melhor forma.<\/p>\n\n\n\n<p>Estamos tentando a possibilidade de criar pequenos presentes (adesivos? chaveiros? camisetas?) para retribuir as doa\u00e7\u00f5es de nossos leitores, mas isso ainda est\u00e1 em fase preliminar de estudos. T\u00e3o logo consigamos implementar algo neste sentido, informaremos nesta p\u00e1gina.<\/p>\n\n\n<div class=\"wp-block-image\">\n<figure class=\"alignleft size-large is-resized\"><img data-recalc-dims=\"1\" loading=\"lazy\" decoding=\"async\" width=\"38\" height=\"29\" src=\"https:\/\/i0.wp.com\/oldplayers.com.br\/wp\/wp-content\/uploads\/2020\/05\/Screenshot_2.png?resize=38%2C29\" alt=\"\" class=\"wp-image-10479\" style=\"width:38px;height:29px\"\/><\/figure>\n<\/div>\n\n\n<p>Independente de conseguirmos produzir estes &#8220;mimos&#8221; para nossos amigos leitores contribuintes, envie se, se poss\u00edvel seu nome, telefone (ou whatsapp) e endere\u00e7o de correspond\u00eancia quando realizar sua doa\u00e7\u00e3o! Vai que a gente consegue algo e te surpreende n\u00e9?<\/p>\n\n\n\n<p>Receba nosso MUITO OBRIGADO pela sua contribui\u00e7\u00e3o!<\/p>\n\n\n\n<p><\/p>\n","protected":false},"excerpt":{"rendered":"<p>Existem v\u00e1rias op\u00e7\u00f5es para ajudar o site oldplayers! A ideia \u00e9 que, consigamos, pelo menos, pagar os custos que o site e o canal acabam gerando. Veja as op\u00e7\u00f5es: DOA\u00c7\u00c3O RECORRENTE: o leitor determina um valor que ser\u00e1 debitado mensalmente (exemplo R$ 10,00 por m\u00eas). Seguem alguns valores dispon\u00edveis para a DOA\u00c7\u00c3O RECORRENTE (mensal). Valor [&hellip;]<\/p>\n","protected":false},"author":1,"featured_media":0,"parent":0,"menu_order":0,"comment_status":"closed","ping_status":"closed","template":"","meta":{"h5ap_radio_sources":[],"jetpack_post_was_ever_published":false,"footnotes":""},"class_list":["post-10476","page","type-page","status-publish","hentry"],"jetpack_sharing_enabled":true,"jetpack_shortlink":"https:\/\/wp.me\/P5yZwS-2IY","_links":{"self":[{"href":"https:\/\/oldplayers.com.br\/wp\/wp-json\/wp\/v2\/pages\/10476","targetHints":{"allow":["GET"]}}],"collection":[{"href":"https:\/\/oldplayers.com.br\/wp\/wp-json\/wp\/v2\/pages"}],"about":[{"href":"https:\/\/oldplayers.com.br\/wp\/wp-json\/wp\/v2\/types\/page"}],"author":[{"embeddable":true,"href":"https:\/\/oldplayers.com.br\/wp\/wp-json\/wp\/v2\/users\/1"}],"replies":[{"embeddable":true,"href":"https:\/\/oldplayers.com.br\/wp\/wp-json\/wp\/v2\/comments?post=10476"}],"version-history":[{"count":2,"href":"https:\/\/oldplayers.com.br\/wp\/wp-json\/wp\/v2\/pages\/10476\/revisions"}],"predecessor-version":[{"id":12385,"href":"https:\/\/oldplayers.com.br\/wp\/wp-json\/wp\/v2\/pages\/10476\/revisions\/12385"}],"wp:attachment":[{"href":"https:\/\/oldplayers.com.br\/wp\/wp-json\/wp\/v2\/media?parent=10476"}],"curies":[{"name":"wp","href":"https:\/\/api.w.org\/{rel}","templated":true}]}}