{"id":11,"date":"2015-01-01T03:20:37","date_gmt":"2015-01-01T03:20:37","guid":{"rendered":"http:\/\/oldplayers.com.br\/wp\/?page_id=11"},"modified":"2015-01-01T03:20:37","modified_gmt":"2015-01-01T03:20:37","slug":"sobre-o-site","status":"publish","type":"page","link":"https:\/\/oldplayers.com.br\/wp\/sobre-o-site\/","title":{"rendered":"Sobre o site"},"content":{"rendered":"<div class=\"fcbkbttn_buttons_block\" id=\"fcbkbttn_left\"><div class=\"fcbkbttn_like \"><fb:like href=\"https:\/\/oldplayers.com.br\/wp\/sobre-o-site\/\" action=\"like\" colorscheme=\"light\" layout=\"standard\"  width=\"225px\" size=\"small\"><\/fb:like><\/div><\/div><h2 class=\"font_2\" style=\"text-align: justify;\">O site\u200b<\/h2>\n<h5 class=\"font_6\" style=\"text-align: justify;\">Ideia&#8230;<\/h5>\n<p class=\"font_8\" style=\"text-align: justify;\">A ideia \u00e9 termos nesse site informa\u00e7\u00f5es sobre computadores e videogames antigos, especialmente aqueles vendidos nas d\u00e9cadas de 80\/90.<\/p>\n<p class=\"font_8\" style=\"text-align: justify;\">Quero reunir\u00a0informa\u00e7\u00f5es relevantes sobre os equipamentos, manuten\u00e7\u00f5es, hacks (ou seja, implementa\u00e7\u00f5es\/melhorias), etc.<\/p>\n<p class=\"font_8\" style=\"text-align: justify;\">O site ainda est\u00e1 em uma fase inicial e contamos com a colabora\u00e7\u00e3o de amigos para colocar novos conte\u00fados. Visite-nos com frequ\u00eancia!<\/p>\n<h5 class=\"font_8\" style=\"text-align: justify;\">Porque OLD PLAYERS?<\/h5>\n<p class=\"font_8\" style=\"text-align: justify;\">Quem teve um computador compat\u00edvel com a linha SINCLAIR (ZX 81, ZX Spectrum e clones!), com a linha MSX, APPLE, etc. com certeza foi um jogador!!! Esses computadores eram projetados para uso em resid\u00eancia. Tinham tamb\u00e9m um cunho profissional e para isso foram feitos v\u00e1rios aplicativos como editores de texto, planilhas eletr\u00f4nicas, software de controle or\u00e7ament\u00e1rio residencial, etc. Por\u00e9m o forte mesmo desses micros eram os softwares de jogos!!! As crian\u00e7as das d\u00e9cadas de 80\/90 cresceram maravilhadas com os jogos e poder dessas plataformas.<\/p>\n<p class=\"font_8\" style=\"text-align: justify;\">Por\u00e9m o tempo foi passando, estamos na d\u00e9cada 10 (dos anos 2000!) e aqueles jogadores est\u00e3o bem mais velhos (hoje, quase todos na faixa dos 40 anos ou mais!)&#8230; A\u00ed est\u00e1 o porque esse site foi feito para os OLD PLAYERS&#8230; os jogadores antigos, da \u00e9poca que jog\u00e1vamos apertando um monte de teclas num teclado membrana ou chiclete. Usando antigos joysticks. E que, de vez em quando, colocava algumas fichas (INSERT COIN!) nos arcades que encontr\u00e1vamos em bares, hot\u00e9is, etc.<\/p>\n<p class=\"font_8\" style=\"text-align: justify;\"><span style=\"font-family: 'jockey one', sans-serif;\">Sejam muito bem-vindos!<\/span><\/p>\n<p class=\"font_8\" style=\"text-align: justify;\">Sintam-se em casa para utilizar o nosso site para aprimorar seus conhecimentos nessa \u00e1rea, relembrar, voltar a mexer com os equipamentos antigos! Escrevam para mim! Ficarei lisonjeado em ler e responder suas mensagens!<\/p>\n<p class=\"font_8\" style=\"text-align: justify;\">Enfim, OLD PLAYERS, vamos colocar a ficha e jogar!!! :))<\/p>\n<p class=\"font_8\" style=\"text-align: justify;\">Aten\u00e7\u00e3o: as informa\u00e7\u00f5es publicadas no site s\u00e3o de responsabilidade de seus autores e o uso delas \u00e9 por sua conta e risco! N\u00e3o nos responsabilizamos por nenhum dano que possa ocorrer em seu equipamento no caso de realiza\u00e7\u00e3o de manuten\u00e7\u00f5es!<\/p>\n","protected":false},"excerpt":{"rendered":"<p>O site\u200b Ideia&#8230; A ideia \u00e9 termos nesse site informa\u00e7\u00f5es sobre computadores e videogames antigos, especialmente aqueles vendidos nas d\u00e9cadas de 80\/90. Quero reunir\u00a0informa\u00e7\u00f5es relevantes sobre os equipamentos, manuten\u00e7\u00f5es, hacks (ou seja, implementa\u00e7\u00f5es\/melhorias), etc. O site ainda est\u00e1 em uma fase inicial e contamos com a colabora\u00e7\u00e3o de amigos para colocar novos conte\u00fados. Visite-nos com [&hellip;]<\/p>\n","protected":false},"author":1,"featured_media":0,"parent":0,"menu_order":0,"comment_status":"closed","ping_status":"closed","template":"page-templates\/full-width.php","meta":{"h5ap_radio_sources":[],"jetpack_post_was_ever_published":false,"footnotes":""},"class_list":["post-11","page","type-page","status-publish","hentry"],"jetpack_sharing_enabled":true,"jetpack_shortlink":"https:\/\/wp.me\/P5yZwS-b","_links":{"self":[{"href":"https:\/\/oldplayers.com.br\/wp\/wp-json\/wp\/v2\/pages\/11","targetHints":{"allow":["GET"]}}],"collection":[{"href":"https:\/\/oldplayers.com.br\/wp\/wp-json\/wp\/v2\/pages"}],"about":[{"href":"https:\/\/oldplayers.com.br\/wp\/wp-json\/wp\/v2\/types\/page"}],"author":[{"embeddable":true,"href":"https:\/\/oldplayers.com.br\/wp\/wp-json\/wp\/v2\/users\/1"}],"replies":[{"embeddable":true,"href":"https:\/\/oldplayers.com.br\/wp\/wp-json\/wp\/v2\/comments?post=11"}],"version-history":[{"count":1,"href":"https:\/\/oldplayers.com.br\/wp\/wp-json\/wp\/v2\/pages\/11\/revisions"}],"predecessor-version":[{"id":14,"href":"https:\/\/oldplayers.com.br\/wp\/wp-json\/wp\/v2\/pages\/11\/revisions\/14"}],"wp:attachment":[{"href":"https:\/\/oldplayers.com.br\/wp\/wp-json\/wp\/v2\/media?parent=11"}],"curies":[{"name":"wp","href":"https:\/\/api.w.org\/{rel}","templated":true}]}}