{"id":12352,"date":"2024-09-08T14:27:48","date_gmt":"2024-09-08T17:27:48","guid":{"rendered":"https:\/\/oldplayers.com.br\/wp\/?page_id=12352"},"modified":"2024-09-08T14:27:48","modified_gmt":"2024-09-08T17:27:48","slug":"atualizando-tzxduino-para-versao-1-17","status":"publish","type":"page","link":"https:\/\/oldplayers.com.br\/wp\/atualizando-tzxduino-para-versao-1-17\/","title":{"rendered":"Atualizando TZXDUINO para vers\u00e3o 1.17"},"content":{"rendered":"<div class=\"fcbkbttn_buttons_block\" id=\"fcbkbttn_left\"><div class=\"fcbkbttn_like \"><fb:like href=\"https:\/\/oldplayers.com.br\/wp\/atualizando-tzxduino-para-versao-1-17\/\" action=\"like\" colorscheme=\"light\" layout=\"standard\"  width=\"225px\" size=\"small\"><\/fb:like><\/div><\/div>\n<p>08\/09\/2024<\/p>\n\n\n\n<p>Neste artigo vamos divulgar um video tutorial de como fazer a atualiza\u00e7\u00e3o do firmware do TZXDUINO para a vers\u00e3o 1.17!<\/p>\n\n\n\n<p>\u00c9 uma contribui\u00e7\u00e3o do amigo Cl\u00f3vis Friolani que achou os procedimentos na internet, testou no seu TZXDUINO e enviou para a gente publicar.<\/p>\n\n\n\n<p>Fizemos o teste tamb\u00e9m e, como deu tudo certo, montamos o v\u00eddeo tutorial para ajudar a galera!<\/p>\n\n\n\n<p>MAS ATEN\u00c7\u00c3O: N\u00e3o nos responsabilizamos por nenhum dano (caso ocorra) no seu equipamento. Fa\u00e7a se achar que necess\u00e1rio e sob sua responsabilidade, ok?<\/p>\n\n\n\n<p>Segue o link abaixo para o v\u00eddeo! N\u00e3o esque\u00e7a de dar o like e&nbsp;<a href=\"http:\/\/oldplayers.com.br\/doe\" target=\"_blank\" rel=\"noreferrer noopener\">contribuir<\/a>&nbsp;com nosso site.<\/p>\n\n\n\n<figure class=\"wp-block-image size-large\"><a href=\"https:\/\/www.youtube.com\/watch?v=7yUiOy9xyuM\" target=\"_blank\" rel=\"noreferrer noopener\"><img data-recalc-dims=\"1\" loading=\"lazy\" decoding=\"async\" width=\"640\" height=\"360\" src=\"https:\/\/i0.wp.com\/oldplayers.com.br\/wp\/wp-content\/uploads\/2024\/09\/ATUALIZANDO-TZXDUINO.png?resize=640%2C360&#038;ssl=1\" alt=\"\" class=\"wp-image-12350\" srcset=\"https:\/\/i0.wp.com\/oldplayers.com.br\/wp\/wp-content\/uploads\/2024\/09\/ATUALIZANDO-TZXDUINO.png?resize=1024%2C576&amp;ssl=1 1024w, https:\/\/i0.wp.com\/oldplayers.com.br\/wp\/wp-content\/uploads\/2024\/09\/ATUALIZANDO-TZXDUINO.png?resize=300%2C169&amp;ssl=1 300w, https:\/\/i0.wp.com\/oldplayers.com.br\/wp\/wp-content\/uploads\/2024\/09\/ATUALIZANDO-TZXDUINO.png?resize=768%2C432&amp;ssl=1 768w, https:\/\/i0.wp.com\/oldplayers.com.br\/wp\/wp-content\/uploads\/2024\/09\/ATUALIZANDO-TZXDUINO.png?resize=1536%2C864&amp;ssl=1 1536w, https:\/\/i0.wp.com\/oldplayers.com.br\/wp\/wp-content\/uploads\/2024\/09\/ATUALIZANDO-TZXDUINO.png?w=1920&amp;ssl=1 1920w, https:\/\/i0.wp.com\/oldplayers.com.br\/wp\/wp-content\/uploads\/2024\/09\/ATUALIZANDO-TZXDUINO.png?w=1280&amp;ssl=1 1280w\" sizes=\"auto, (max-width: 640px) 100vw, 640px\" \/><\/a><\/figure>\n","protected":false},"excerpt":{"rendered":"<p>08\/09\/2024 Neste artigo vamos divulgar um video tutorial de como fazer a atualiza\u00e7\u00e3o do firmware do TZXDUINO para a vers\u00e3o 1.17! \u00c9 uma contribui\u00e7\u00e3o do amigo Cl\u00f3vis Friolani que achou os procedimentos na internet, testou no seu TZXDUINO e enviou para a gente publicar. Fizemos o teste tamb\u00e9m e, como deu tudo certo, montamos o [&hellip;]<\/p>\n","protected":false},"author":1,"featured_media":0,"parent":0,"menu_order":0,"comment_status":"closed","ping_status":"closed","template":"","meta":{"h5ap_radio_sources":[],"jetpack_post_was_ever_published":false,"footnotes":""},"class_list":["post-12352","page","type-page","status-publish","hentry"],"jetpack_sharing_enabled":true,"jetpack_shortlink":"https:\/\/wp.me\/P5yZwS-3de","_links":{"self":[{"href":"https:\/\/oldplayers.com.br\/wp\/wp-json\/wp\/v2\/pages\/12352","targetHints":{"allow":["GET"]}}],"collection":[{"href":"https:\/\/oldplayers.com.br\/wp\/wp-json\/wp\/v2\/pages"}],"about":[{"href":"https:\/\/oldplayers.com.br\/wp\/wp-json\/wp\/v2\/types\/page"}],"author":[{"embeddable":true,"href":"https:\/\/oldplayers.com.br\/wp\/wp-json\/wp\/v2\/users\/1"}],"replies":[{"embeddable":true,"href":"https:\/\/oldplayers.com.br\/wp\/wp-json\/wp\/v2\/comments?post=12352"}],"version-history":[{"count":1,"href":"https:\/\/oldplayers.com.br\/wp\/wp-json\/wp\/v2\/pages\/12352\/revisions"}],"predecessor-version":[{"id":12353,"href":"https:\/\/oldplayers.com.br\/wp\/wp-json\/wp\/v2\/pages\/12352\/revisions\/12353"}],"wp:attachment":[{"href":"https:\/\/oldplayers.com.br\/wp\/wp-json\/wp\/v2\/media?parent=12352"}],"curies":[{"name":"wp","href":"https:\/\/api.w.org\/{rel}","templated":true}]}}