{"id":12402,"date":"2024-11-24T08:53:36","date_gmt":"2024-11-24T11:53:36","guid":{"rendered":"https:\/\/oldplayers.com.br\/wp\/?page_id=12402"},"modified":"2024-12-09T10:52:12","modified_gmt":"2024-12-09T13:52:12","slug":"zx-spectrum-superfo-harlequin-rev-g","status":"publish","type":"page","link":"https:\/\/oldplayers.com.br\/wp\/zx-spectrum-superfo-harlequin-rev-g\/","title":{"rendered":"ZX Spectrum Superfo Harlequin Rev G"},"content":{"rendered":"<div class=\"fcbkbttn_buttons_block\" id=\"fcbkbttn_left\"><div class=\"fcbkbttn_like \"><fb:like href=\"https:\/\/oldplayers.com.br\/wp\/zx-spectrum-superfo-harlequin-rev-g\/\" action=\"like\" colorscheme=\"light\" layout=\"standard\"  width=\"225px\" size=\"small\"><\/fb:like><\/div><\/div>\n<p>Pessoal,<\/p>\n\n\n\n<p>Adquiri o Harlequin que o F\u00e1bio Belavenuto montou.<\/p>\n\n\n\n<figure class=\"wp-block-image size-large\"><a href=\"https:\/\/i0.wp.com\/oldplayers.com.br\/wp\/wp-content\/uploads\/2024\/11\/harleq-scaled.jpg?ssl=1\"><img data-recalc-dims=\"1\" loading=\"lazy\" decoding=\"async\" width=\"640\" height=\"361\" src=\"https:\/\/i0.wp.com\/oldplayers.com.br\/wp\/wp-content\/uploads\/2024\/11\/harleq.jpg?resize=640%2C361&#038;ssl=1\" alt=\"\" class=\"wp-image-12405\" srcset=\"https:\/\/i0.wp.com\/oldplayers.com.br\/wp\/wp-content\/uploads\/2024\/11\/harleq-scaled.jpg?resize=1024%2C577&amp;ssl=1 1024w, https:\/\/i0.wp.com\/oldplayers.com.br\/wp\/wp-content\/uploads\/2024\/11\/harleq-scaled.jpg?resize=300%2C169&amp;ssl=1 300w, https:\/\/i0.wp.com\/oldplayers.com.br\/wp\/wp-content\/uploads\/2024\/11\/harleq-scaled.jpg?resize=768%2C432&amp;ssl=1 768w, https:\/\/i0.wp.com\/oldplayers.com.br\/wp\/wp-content\/uploads\/2024\/11\/harleq-scaled.jpg?resize=1536%2C865&amp;ssl=1 1536w, https:\/\/i0.wp.com\/oldplayers.com.br\/wp\/wp-content\/uploads\/2024\/11\/harleq-scaled.jpg?w=1280&amp;ssl=1 1280w, https:\/\/i0.wp.com\/oldplayers.com.br\/wp\/wp-content\/uploads\/2024\/11\/harleq-scaled.jpg?w=1920&amp;ssl=1 1920w\" sizes=\"auto, (max-width: 640px) 100vw, 640px\" \/><\/a><\/figure>\n\n\n\n<p>Isso motivou-me a procurar o esquem\u00e1tico dele na internet.<\/p>\n\n\n\n<p>O motivo foi bem simples: descobrir a polaridade da fonte para usar neste equipamento. Como encontrei um PDF bem completo, resolvi deixar o download dispon\u00edvel para voc\u00eas aqui na OLDPLAYERS tamb\u00e9m e espero que seja \u00fatil para futuras manuten\u00e7\u00f5es.<\/p>\n\n\n\n<p><strong><a href=\"https:\/\/drive.google.com\/file\/d\/1R-3xiLhZIejvyZGy4gCVQfcIpR2Whf1a\/view?usp=sharing\" data-type=\"link\" data-id=\"https:\/\/drive.google.com\/file\/d\/1R-3xiLhZIejvyZGy4gCVQfcIpR2Whf1a\/view?usp=sharing\" target=\"_blank\" rel=\"noreferrer noopener\">CLIQUE AQUI PARA BAIXAR O ESQUEM\u00c1TICO.<\/a><\/strong><\/p>\n\n\n\n<p><\/p>\n\n\n\n<p><\/p>\n\n\n\n<p>Fonte: https:\/\/trastero.speccy.org\/cosas\/JL\/Harlequin\/Documentacion\/harlequin_rev_g.pdf<\/p>\n\n\n\n<p><\/p>\n\n\n\n<p><\/p>\n\n\n\n<p><\/p>\n","protected":false},"excerpt":{"rendered":"<p>Pessoal, Adquiri o Harlequin que o F\u00e1bio Belavenuto montou. Isso motivou-me a procurar o esquem\u00e1tico dele na internet. O motivo foi bem simples: descobrir a polaridade da fonte para usar neste equipamento. Como encontrei um PDF bem completo, resolvi deixar o download dispon\u00edvel para voc\u00eas aqui na OLDPLAYERS tamb\u00e9m e espero que seja \u00fatil para [&hellip;]<\/p>\n","protected":false},"author":1,"featured_media":0,"parent":0,"menu_order":0,"comment_status":"closed","ping_status":"closed","template":"","meta":{"h5ap_radio_sources":[],"jetpack_post_was_ever_published":false,"footnotes":""},"class_list":["post-12402","page","type-page","status-publish","hentry"],"jetpack_sharing_enabled":true,"jetpack_shortlink":"https:\/\/wp.me\/P5yZwS-3e2","_links":{"self":[{"href":"https:\/\/oldplayers.com.br\/wp\/wp-json\/wp\/v2\/pages\/12402","targetHints":{"allow":["GET"]}}],"collection":[{"href":"https:\/\/oldplayers.com.br\/wp\/wp-json\/wp\/v2\/pages"}],"about":[{"href":"https:\/\/oldplayers.com.br\/wp\/wp-json\/wp\/v2\/types\/page"}],"author":[{"embeddable":true,"href":"https:\/\/oldplayers.com.br\/wp\/wp-json\/wp\/v2\/users\/1"}],"replies":[{"embeddable":true,"href":"https:\/\/oldplayers.com.br\/wp\/wp-json\/wp\/v2\/comments?post=12402"}],"version-history":[{"count":1,"href":"https:\/\/oldplayers.com.br\/wp\/wp-json\/wp\/v2\/pages\/12402\/revisions"}],"predecessor-version":[{"id":12425,"href":"https:\/\/oldplayers.com.br\/wp\/wp-json\/wp\/v2\/pages\/12402\/revisions\/12425"}],"wp:attachment":[{"href":"https:\/\/oldplayers.com.br\/wp\/wp-json\/wp\/v2\/media?parent=12402"}],"curies":[{"name":"wp","href":"https:\/\/api.w.org\/{rel}","templated":true}]}}