{"id":825,"date":"2016-09-07T17:24:42","date_gmt":"2016-09-07T20:24:42","guid":{"rendered":"http:\/\/oldplayers.com.br\/wp\/?page_id=825"},"modified":"2016-11-02T15:58:56","modified_gmt":"2016-11-02T17:58:56","slug":"usando-raspberry-pi-3-model-b-para-montar-um-arcade","status":"publish","type":"page","link":"https:\/\/oldplayers.com.br\/wp\/arcades\/usando-raspberry-pi-3-model-b-para-montar-um-arcade\/","title":{"rendered":"Usando Raspberry Pi 3 Model B para montar um arcade"},"content":{"rendered":"<div class=\"fcbkbttn_buttons_block\" id=\"fcbkbttn_left\"><div class=\"fcbkbttn_like \"><fb:like href=\"https:\/\/oldplayers.com.br\/wp\/arcades\/usando-raspberry-pi-3-model-b-para-montar-um-arcade\/\" action=\"like\" colorscheme=\"light\" layout=\"standard\"  width=\"225px\" size=\"small\"><\/fb:like><\/div><\/div><p>Pessoal,<\/p>\n<p>Neste artigo quero mostrar algumas dicas de como voc\u00ea pode montar um arcade (a parte eletr\u00f4nica) multijogos usando um raspberry pi model B (doravante chamado rasp3b)<\/p>\n<p>Para quem n\u00e3o conhece o rasp3b \u00e9 um computador min\u00fasculo com bom poder de processamento, entradas USB, sa\u00edda de v\u00eddeo composto + \u00e1udio est\u00e9reo, HDMI, etc.! Enfim, um excelente computador que pode ser usado para v\u00e1rias finalidades!<\/p>\n<p>Uma dessas finalidades \u00e9 montar uma m\u00e1quina de arcade multijogos. Existem alguns projetos de software prontos na internet (Recalbox e Retropie) que usam o rasp3b.<\/p>\n<p>Aqui vamos falar do Recalbox.<\/p>\n<p>Bom, vamos l\u00e1&#8230; considero que voc\u00ea tem um ARCADE\u00a0do tipo da foto [1], ou seja, com bot\u00f5es e controle de movimento que usam microswitches ligados \u00e0 um chicote Jamma [2].<\/p>\n<p><a href=\"https:\/\/i0.wp.com\/oldplayers.com.br\/wp\/wp-content\/uploads\/2016\/09\/mortal-kombat-9-evo-arcade-cabinet.jpg\"><img data-recalc-dims=\"1\" loading=\"lazy\" decoding=\"async\" class=\"alignnone size-medium wp-image-841\" src=\"https:\/\/i0.wp.com\/oldplayers.com.br\/wp\/wp-content\/uploads\/2016\/09\/mortal-kombat-9-evo-arcade-cabinet-166x300.jpg?resize=166%2C300\" alt=\"mortal-kombat-9-evo-arcade-cabinet\" width=\"166\" height=\"300\" srcset=\"https:\/\/i0.wp.com\/oldplayers.com.br\/wp\/wp-content\/uploads\/2016\/09\/mortal-kombat-9-evo-arcade-cabinet.jpg?resize=166%2C300&amp;ssl=1 166w, https:\/\/i0.wp.com\/oldplayers.com.br\/wp\/wp-content\/uploads\/2016\/09\/mortal-kombat-9-evo-arcade-cabinet.jpg?w=407&amp;ssl=1 407w\" sizes=\"auto, (max-width: 166px) 100vw, 166px\" \/><\/a><\/p>\n<p>Foto [1] &#8211; Exemplo de m\u00e1quina arcade (foto tirada da internet<\/p>\n<p><a href=\"https:\/\/i0.wp.com\/oldplayers.com.br\/wp\/wp-content\/uploads\/2016\/09\/jamma.jpg\"><img data-recalc-dims=\"1\" loading=\"lazy\" decoding=\"async\" class=\"alignnone size-medium wp-image-827\" src=\"https:\/\/i0.wp.com\/oldplayers.com.br\/wp\/wp-content\/uploads\/2016\/09\/jamma-300x224.jpg?resize=300%2C224\" alt=\"jamma\" width=\"300\" height=\"224\" srcset=\"https:\/\/i0.wp.com\/oldplayers.com.br\/wp\/wp-content\/uploads\/2016\/09\/jamma.jpg?resize=300%2C224&amp;ssl=1 300w, https:\/\/i0.wp.com\/oldplayers.com.br\/wp\/wp-content\/uploads\/2016\/09\/jamma.jpg?resize=768%2C574&amp;ssl=1 768w, https:\/\/i0.wp.com\/oldplayers.com.br\/wp\/wp-content\/uploads\/2016\/09\/jamma.jpg?w=1023&amp;ssl=1 1023w\" sizes=\"auto, (max-width: 300px) 100vw, 300px\" \/><\/a><\/p>\n<p>Foto [2] &#8211; Chicote Jamma (tirado da internet)<\/p>\n<p>Vamos precisar de alguns materiais:<\/p>\n<ul>\n<li>1 Raspberry Pi 3 model B com fonte 5V. (***) aqui vale uma observa\u00e7\u00e3o, que vou fazer logo abaixo&#8230;<\/li>\n<li>1 cart\u00e3o micro SD 64Gb class 10<\/li>\n<li>1 placa adaptadora de joystick para USB (link para compra:\u00a0<a href=\"http:\/\/www.ebay.com\/itm\/Zero-delay-USB-Encoder-to-PC-Joystick-and-Buttons-For-Arcade-Happ-diy-kit-Parts-\/191558246087?hash=item2c99c2dec7:g:n0kAAOSwM0FXIZhM\" target=\"_blank\">http:\/\/www.ebay.com\/itm\/Zero-delay-USB-Encoder-to-PC-Joystick-and-Buttons-For-Arcade-Happ-diy-kit-Parts-\/191558246087?hash=item2c99c2dec7:g:n0kAAOSwM0FXIZhM<\/a>)<\/li>\n<li>1 placa de conex\u00e3o para o chicote Jamma (<a href=\"http:\/\/produto.mercadolivre.com.br\/MLB-713463506-placa-pcb-jamma-56-pinos-nova-28-pinos-cada-lado-_JM\" target=\"_blank\">http:\/\/produto.mercadolivre.com.br\/MLB-713463506-placa-pcb-jamma-56-pinos-nova-28-pinos-cada-lado-_JM<\/a>)<\/li>\n<\/ul>\n<p>(***) &#8211; Observa\u00e7\u00e3o sobre a fonte: eu peguei a primeira fonte que vi (um carregador SAMSUNG de celular) e estava usando. No entanto, quando eu ligava o Rasp3b ele come\u00e7ava a ler o cart\u00e3o dar boot e reiniciava. Fiz v\u00e1rios testes, mas n\u00e3o pensei que poderia ser a fonte. BINGO! Ao usar uma fonte de IPHONE, o problema resolveu. Ent\u00e3o, muita aten\u00e7\u00e3o com a fonte que vai usar. Acredito que ela deve ter que ter, no m\u00ednimo 1A&#8230; a do Samsung era menos que 500mA!!! Veja aqui o v\u00eddeo do que ocorria:<\/p>\n<div class=\"jetpack-video-wrapper\"><span class=\"embed-youtube\" style=\"text-align:center; display: block;\"><iframe loading=\"lazy\" class=\"youtube-player\" width=\"640\" height=\"360\" src=\"https:\/\/www.youtube.com\/embed\/1N8azOo_q9s?version=3&#038;rel=1&#038;showsearch=0&#038;showinfo=1&#038;iv_load_policy=1&#038;fs=1&#038;hl=pt-BR&#038;autohide=2&#038;wmode=transparent\" allowfullscreen=\"true\" style=\"border:0;\" sandbox=\"allow-scripts allow-same-origin allow-popups allow-presentation allow-popups-to-escape-sandbox\"><\/iframe><\/span><\/div>\n<p>Bom, com tudo em m\u00e3os, vamos partir para as adapta\u00e7\u00f5es necess\u00e1rias. O primeiro passo \u00e9 voc\u00ea pegar sua plaquinha JAMMA e identificar onde os direcionais (cima, baixo, esquerda e direita) e bot\u00f5es (b1, b2, &#8230; b6, player 1 start, player 1 coin, etc.) est\u00e3o no seu chicote Jamma. Para termos uma base, usamos o manual da placa pandora&#8230; ajudou bastante.. Mas \u00e9 extremamente recomendado pegar o mult\u00edmetro na escala de diodo (aquele teste de continuidade) e bater certinho, item por item, conferir e anotar.<\/p>\n<p>Veja o manual da pinagem da Pandora [3], que nos ajudou muito:<\/p>\n<p><a href=\"https:\/\/i0.wp.com\/oldplayers.com.br\/wp\/wp-content\/uploads\/2016\/09\/IMG_7505.jpg\"><img data-recalc-dims=\"1\" loading=\"lazy\" decoding=\"async\" class=\"alignnone size-medium wp-image-838\" src=\"https:\/\/i0.wp.com\/oldplayers.com.br\/wp\/wp-content\/uploads\/2016\/09\/IMG_7505-225x300.jpg?resize=225%2C300\" alt=\"IMG_7505\" width=\"225\" height=\"300\" srcset=\"https:\/\/i0.wp.com\/oldplayers.com.br\/wp\/wp-content\/uploads\/2016\/09\/IMG_7505.jpg?resize=225%2C300&amp;ssl=1 225w, https:\/\/i0.wp.com\/oldplayers.com.br\/wp\/wp-content\/uploads\/2016\/09\/IMG_7505.jpg?resize=768%2C1024&amp;ssl=1 768w, https:\/\/i0.wp.com\/oldplayers.com.br\/wp\/wp-content\/uploads\/2016\/09\/IMG_7505.jpg?w=1224&amp;ssl=1 1224w\" sizes=\"auto, (max-width: 225px) 100vw, 225px\" \/><\/a><\/p>\n<p>Foto [3] &#8211; parte do manual da PandoraBox que ajuda na identifica\u00e7\u00e3o da pinagem do chicote Jamma.<\/p>\n<p>Al\u00e9m desses bot\u00f5es, \u00e9 necess\u00e1rio um bot\u00e3o extra que o Recalbox chama de HOTKEY. Por sorte, meu arcade tem um bot\u00e3o por baixo, que eu nunca usei, mas dessa vez, n\u00f3s procuramos em qual pino do chicote ele estava conectado e usamos ele!<\/p>\n<p>Bom, ap\u00f3s detectar corretamente todas as liga\u00e7\u00f5es procedemos com a soldagem na placa que vai conectar no chicote Jamma. Veja como ficou[4]:<\/p>\n<p><a href=\"https:\/\/i0.wp.com\/oldplayers.com.br\/wp\/wp-content\/uploads\/2016\/09\/IMG_7504.jpg\"><img data-recalc-dims=\"1\" loading=\"lazy\" decoding=\"async\" class=\"alignnone size-medium wp-image-837\" src=\"https:\/\/i0.wp.com\/oldplayers.com.br\/wp\/wp-content\/uploads\/2016\/09\/IMG_7504-300x225.jpg?resize=300%2C225\" alt=\"IMG_7504\" width=\"300\" height=\"225\" srcset=\"https:\/\/i0.wp.com\/oldplayers.com.br\/wp\/wp-content\/uploads\/2016\/09\/IMG_7504.jpg?resize=300%2C225&amp;ssl=1 300w, https:\/\/i0.wp.com\/oldplayers.com.br\/wp\/wp-content\/uploads\/2016\/09\/IMG_7504.jpg?resize=768%2C576&amp;ssl=1 768w, https:\/\/i0.wp.com\/oldplayers.com.br\/wp\/wp-content\/uploads\/2016\/09\/IMG_7504.jpg?resize=1024%2C768&amp;ssl=1 1024w, https:\/\/i0.wp.com\/oldplayers.com.br\/wp\/wp-content\/uploads\/2016\/09\/IMG_7504.jpg?w=1632&amp;ssl=1 1632w, https:\/\/i0.wp.com\/oldplayers.com.br\/wp\/wp-content\/uploads\/2016\/09\/IMG_7504.jpg?w=1280&amp;ssl=1 1280w\" sizes=\"auto, (max-width: 300px) 100vw, 300px\" \/><\/a><\/p>\n<p>Foto [4]: placa adaptadora Jamma j\u00e1 com os chicotes da placa Joystick USB soldados.<\/p>\n<p>A placa adaptadora de Joystick\u00a0[5]vem com v\u00e1rios chicotinhos que tem dois cabinhos. No nosso caso, um lado branco e outro azul. Reparamos que o lado branco sempre era o NEGATIVO. Por este motivo, todos os cabinhos brancos foram soldados no NEGATIVO (veja na foto acima).<\/p>\n<p>Os cabinhos Azuis foram soldados cada um em uma posi\u00e7\u00e3o do JAMMA (cima, baixo, esquerda, direta, bot\u00f5es, etc.).<\/p>\n<p>Estes chicotes, depois foram conectados na placa adaptadora de Joystick USB, como pode ser visto aqui:<\/p>\n<p><a href=\"https:\/\/i0.wp.com\/oldplayers.com.br\/wp\/wp-content\/uploads\/2016\/09\/IMG_7500.jpg\"><img data-recalc-dims=\"1\" loading=\"lazy\" decoding=\"async\" class=\"alignnone size-medium wp-image-836\" src=\"https:\/\/i0.wp.com\/oldplayers.com.br\/wp\/wp-content\/uploads\/2016\/09\/IMG_7500-300x225.jpg?resize=300%2C225\" alt=\"IMG_7500\" width=\"300\" height=\"225\" srcset=\"https:\/\/i0.wp.com\/oldplayers.com.br\/wp\/wp-content\/uploads\/2016\/09\/IMG_7500.jpg?resize=300%2C225&amp;ssl=1 300w, https:\/\/i0.wp.com\/oldplayers.com.br\/wp\/wp-content\/uploads\/2016\/09\/IMG_7500.jpg?resize=768%2C576&amp;ssl=1 768w, https:\/\/i0.wp.com\/oldplayers.com.br\/wp\/wp-content\/uploads\/2016\/09\/IMG_7500.jpg?resize=1024%2C768&amp;ssl=1 1024w, https:\/\/i0.wp.com\/oldplayers.com.br\/wp\/wp-content\/uploads\/2016\/09\/IMG_7500.jpg?w=1632&amp;ssl=1 1632w, https:\/\/i0.wp.com\/oldplayers.com.br\/wp\/wp-content\/uploads\/2016\/09\/IMG_7500.jpg?w=1280&amp;ssl=1 1280w\" sizes=\"auto, (max-width: 300px) 100vw, 300px\" \/><\/a><\/p>\n<p>Foto [5] &#8211;\u00a0A placa adaptadora de Joystick<\/p>\n<p>E dessa plaquinha sai um chicote com uma conex\u00e3o USB, que foi contectada na porta USB do Rasp3b.<\/p>\n<p>Como descobrir quem \u00e9 quem nessa placa? Antes de soldarmos, ligamos essa placa num PC e ela foi reconhecida como um dispositivo de joystick. Entrando em propriedades, ele mostra os direcionais e bot\u00f5es. Bastou ir curto circuitando um por um desses encaixes e ver na tela o que acontecia. Tivemos que fazer isso e anotar, um por um. Depois soldamos a ponta desses chicotinhos l\u00e1 na adaptadora Jamma na posi\u00e7\u00e3o exata do bot\u00e3o em quest\u00e3o.<\/p>\n<p>Ap\u00f3s toda a identifica\u00e7\u00e3o na placa de Joystick USB, toda a soldagem na placa adaptadora JAMMA, podemos dizer que a parte mais complicada est\u00e1 pronta.<\/p>\n<p>(<a href=\"http:\/\/oldplayers.com.br\/wp\/arcades\/usando-raspberry-pi-3-model-b-para-montar-um-arcade\/detalhamento-da-montagem-da-placa-usb-para-uso-no-raspberry\/\">veja artigo com detalhamento deste procedimento CLICANDO AQUI<\/a>)!<\/p>\n<p>Mas e o software que vai rodar no rasp3b? Nosso amigo Rudolf Gutlich disponibilizou um download via torrent com muitos emuladores e jogos j\u00e1 pr\u00e9-configurados! Basta voc\u00ea baixar esse pacote e gravar no cart\u00e3o SD.<\/p>\n<p>Segue o link do arquivo torrent para baixar o conte\u00fado:<\/p>\n<p><a href=\"https:\/\/www.dropbox.com\/sh\/fjlmpw0dnt0d8k5\/AADMfpZBV1CgK_KzQKcdFM4aa?dl=0\" target=\"_blank\">https:\/\/www.dropbox.com\/sh\/fjlmpw0dnt0d8k5\/AADMfpZBV1CgK_KzQKcdFM4aa?dl=0<\/a><\/p>\n<p>O cart\u00e3o deve ser formatado em FAT 32.<\/p>\n<p>Voc\u00ea poder\u00e1 usar este programa para gravar a ISO (imagem) no cart\u00e3o:\u00a0<a href=\"https:\/\/sourceforge.net\/projects\/win32diskimager\/\" target=\"_blank\">https:\/\/sourceforge.net\/projects\/win32diskimager\/<\/a><\/p>\n<p>Espero ter auxiliado voc\u00eas com este r\u00e1pido tutorial. N\u00e3o vou dizer que \u00e9 um passo a passo, mas acho que, para quem tem um pouco de experi\u00eancia com TI, o caminho das pedras j\u00e1 est\u00e1 revelado no artigo!<\/p>\n<p>Veja aqui como ficou o funcionamento do Arcade usando o Recalbox no Raspberry 3 Pi model 3!<\/p>\n<div class=\"jetpack-video-wrapper\"><span class=\"embed-youtube\" style=\"text-align:center; display: block;\"><iframe loading=\"lazy\" class=\"youtube-player\" width=\"640\" height=\"360\" src=\"https:\/\/www.youtube.com\/embed\/3XiH9SStFJ0?version=3&#038;rel=1&#038;showsearch=0&#038;showinfo=1&#038;iv_load_policy=1&#038;fs=1&#038;hl=pt-BR&#038;autohide=2&#038;wmode=transparent\" allowfullscreen=\"true\" style=\"border:0;\" sandbox=\"allow-scripts allow-same-origin allow-popups allow-presentation allow-popups-to-escape-sandbox\"><\/iframe><\/span><\/div>\n<p><a href=\"http:\/\/oldplayers.com.br\/wp\/termos-de-uso-deste-site-e-responsabilidade\/\" target=\"_blank\">Lembre-se do nosso termo de uso e responsabilidade antes de iniciar o processo!<\/a><\/p>\n<p>&nbsp;<\/p>\n<p>&nbsp;<\/p>\n<p>&nbsp;<\/p>\n","protected":false},"excerpt":{"rendered":"<p>Pessoal, Neste artigo quero mostrar algumas dicas de como voc\u00ea pode montar um arcade (a parte eletr\u00f4nica) multijogos usando um raspberry pi model B (doravante chamado rasp3b) Para quem n\u00e3o conhece o rasp3b \u00e9 um computador min\u00fasculo com bom poder de processamento, entradas USB, sa\u00edda de v\u00eddeo composto + \u00e1udio est\u00e9reo, HDMI, etc.! Enfim, um [&hellip;]<\/p>\n","protected":false},"author":1,"featured_media":0,"parent":156,"menu_order":0,"comment_status":"closed","ping_status":"closed","template":"page-templates\/full-width.php","meta":{"h5ap_radio_sources":[],"jetpack_post_was_ever_published":false,"footnotes":""},"class_list":["post-825","page","type-page","status-publish","hentry"],"jetpack_sharing_enabled":true,"jetpack_shortlink":"https:\/\/wp.me\/P5yZwS-dj","_links":{"self":[{"href":"https:\/\/oldplayers.com.br\/wp\/wp-json\/wp\/v2\/pages\/825","targetHints":{"allow":["GET"]}}],"collection":[{"href":"https:\/\/oldplayers.com.br\/wp\/wp-json\/wp\/v2\/pages"}],"about":[{"href":"https:\/\/oldplayers.com.br\/wp\/wp-json\/wp\/v2\/types\/page"}],"author":[{"embeddable":true,"href":"https:\/\/oldplayers.com.br\/wp\/wp-json\/wp\/v2\/users\/1"}],"replies":[{"embeddable":true,"href":"https:\/\/oldplayers.com.br\/wp\/wp-json\/wp\/v2\/comments?post=825"}],"version-history":[{"count":1,"href":"https:\/\/oldplayers.com.br\/wp\/wp-json\/wp\/v2\/pages\/825\/revisions"}],"predecessor-version":[{"id":902,"href":"https:\/\/oldplayers.com.br\/wp\/wp-json\/wp\/v2\/pages\/825\/revisions\/902"}],"up":[{"embeddable":true,"href":"https:\/\/oldplayers.com.br\/wp\/wp-json\/wp\/v2\/pages\/156"}],"wp:attachment":[{"href":"https:\/\/oldplayers.com.br\/wp\/wp-json\/wp\/v2\/media?parent=825"}],"curies":[{"name":"wp","href":"https:\/\/api.w.org\/{rel}","templated":true}]}}